{"id":225,"date":"2025-07-30T13:25:22","date_gmt":"2025-07-30T11:25:22","guid":{"rendered":"https:\/\/www.parlounaltralingua.ch\/pual\/ausgabe\/"},"modified":"2025-09-13T09:19:52","modified_gmt":"2025-09-13T07:19:52","slug":"ausgabe","status":"publish","type":"page","link":"https:\/\/www.parlounaltralingua.ch\/de\/ausgabe\/","title":{"rendered":"Ausgabe"},"content":{"rendered":"\n<p>Vergangene \u00c4nderungen werden in der alten Version der Website archiviert. Seit 2025 wird jede verlagsbezogene Publikation in der Zeitung in der entsprechenden Verlagskategorie aufgef\u00fchrt: z.B. <a href=\"https:\/\/www.parlounaltralingua.ch\/de\/category\/pual-de\/pual-25-de\/\" data-type=\"link\" data-id=\"https:\/\/www.parlounaltralingua.ch\/category\/pual\/pual-25\/\">pual-25<\/a>. (\u00c4ltere Ausgaben sind m\u00f6glicherweise nicht mehr zug\u00e4nglich.)<\/p>\n\n<h3 class=\"wp-block-heading\">Vergangene Ausgaben<\/h3>\n\n<p>PUAL 8 \/ 2024-2025<br\/>PUAL 7 \/ (2021) 2023-2024<br\/>PUAL 6 \/ 2018-2019 (Morges-Schwytz)<br\/>Concours pour les classes du secondaire I<br\/>PUAL 5 \/ 2016-2017 (Coire \u2013 Mendrisio)<br\/>PUAL 4 \/ 2014-2015 (Liestal\u2013Locarno)<br\/>PUAL 3 \/ 2013-2014 (Wil\u2013Morges)<br\/>PUAL 2 \/ 2012-2013 (Bellinzona\u2013Coira)<br\/>PUAL 1 \/ 2011-2012 (La Tour-de-Peilz-Bellinzona)<\/p>\n\n<p><\/p>\n","protected":false},"excerpt":{"rendered":"<p>Vergangene \u00c4nderungen werden in der alten Version der Website archiviert. Seit 2025 wird jede verlagsbezogene Publikation in der Zeitung in [&hellip;]<\/p>\n","protected":false},"author":1,"featured_media":0,"parent":0,"menu_order":0,"comment_status":"closed","ping_status":"closed","template":"","meta":{"site-sidebar-layout":"no-sidebar","site-content-layout":"","ast-site-content-layout":"normal-width-container","site-content-style":"boxed","site-sidebar-style":"default","ast-global-header-display":"","ast-banner-title-visibility":"","ast-main-header-display":"","ast-hfb-above-header-display":"","ast-hfb-below-header-display":"","ast-hfb-mobile-header-display":"","site-post-title":"","ast-breadcrumbs-content":"","ast-featured-img":"","footer-sml-layout":"","theme-transparent-header-meta":"","adv-header-id-meta":"","stick-header-meta":"","header-above-stick-meta":"","header-main-stick-meta":"","header-below-stick-meta":"","astra-migrate-meta-layouts":"default","ast-page-background-enabled":"default","ast-page-background-meta":{"desktop":{"background-color":"var(--ast-global-color-5)","background-image":"","background-repeat":"repeat","background-position":"center center","background-size":"auto","background-attachment":"scroll","background-type":"","background-media":"","overlay-type":"","overlay-color":"","overlay-opacity":"","overlay-gradient":""},"tablet":{"background-color":"","background-image":"","background-repeat":"repeat","background-position":"center center","background-size":"auto","background-attachment":"scroll","background-type":"","background-media":"","overlay-type":"","overlay-color":"","overlay-opacity":"","overlay-gradient":""},"mobile":{"background-color":"","background-image":"","background-repeat":"repeat","background-position":"center center","background-size":"auto","background-attachment":"scroll","background-type":"","background-media":"","overlay-type":"","overlay-color":"","overlay-opacity":"","overlay-gradient":""}},"ast-content-background-meta":{"desktop":{"background-color":"var(--ast-global-color-4)","background-image":"","background-repeat":"repeat","background-position":"center center","background-size":"auto","background-attachment":"scroll","background-type":"","background-media":"","overlay-type":"","overlay-color":"","overlay-opacity":"","overlay-gradient":""},"tablet":{"background-color":"var(--ast-global-color-4)","background-image":"","background-repeat":"repeat","background-position":"center center","background-size":"auto","background-attachment":"scroll","background-type":"","background-media":"","overlay-type":"","overlay-color":"","overlay-opacity":"","overlay-gradient":""},"mobile":{"background-color":"var(--ast-global-color-4)","background-image":"","background-repeat":"repeat","background-position":"center center","background-size":"auto","background-attachment":"scroll","background-type":"","background-media":"","overlay-type":"","overlay-color":"","overlay-opacity":"","overlay-gradient":""}},"footnotes":""},"class_list":["post-225","page","type-page","status-publish","hentry"],"_links":{"self":[{"href":"https:\/\/www.parlounaltralingua.ch\/de\/wp-json\/wp\/v2\/pages\/225","targetHints":{"allow":["GET"]}}],"collection":[{"href":"https:\/\/www.parlounaltralingua.ch\/de\/wp-json\/wp\/v2\/pages"}],"about":[{"href":"https:\/\/www.parlounaltralingua.ch\/de\/wp-json\/wp\/v2\/types\/page"}],"author":[{"embeddable":true,"href":"https:\/\/www.parlounaltralingua.ch\/de\/wp-json\/wp\/v2\/users\/1"}],"replies":[{"embeddable":true,"href":"https:\/\/www.parlounaltralingua.ch\/de\/wp-json\/wp\/v2\/comments?post=225"}],"version-history":[{"count":3,"href":"https:\/\/www.parlounaltralingua.ch\/de\/wp-json\/wp\/v2\/pages\/225\/revisions"}],"predecessor-version":[{"id":715,"href":"https:\/\/www.parlounaltralingua.ch\/de\/wp-json\/wp\/v2\/pages\/225\/revisions\/715"}],"wp:attachment":[{"href":"https:\/\/www.parlounaltralingua.ch\/de\/wp-json\/wp\/v2\/media?parent=225"}],"curies":[{"name":"wp","href":"https:\/\/api.w.org\/{rel}","templated":true}]}}